{"id":3,"date":"2026-02-04T09:30:53","date_gmt":"2026-02-04T12:30:53","guid":{"rendered":"https:\/\/braile.com.br\/?page_id=3"},"modified":"2026-03-03T08:58:48","modified_gmt":"2026-03-03T11:58:48","slug":"politica-de-privacidad","status":"publish","type":"page","link":"https:\/\/braile.com.br\/es\/politica-de-privacidade\/","title":{"rendered":"Pol\u00edtica de privacidad"},"content":{"rendered":"<h2 class=\"wp-block-heading\">Quienes somos<\/h2>\r\n\r\n\r\n\r\n<p><strong class=\"privacy-policy-tutorial\">Texto sugerido: <\/strong>La direcci\u00f3n de nuestro sitio web es: https:\/\/braile.com.br.<\/p>\r\n\r\n\r\n\r\n<h2 class=\"wp-block-heading\">Comentarios<\/h2>\r\n\r\n\r\n\r\n<p><strong class=\"privacy-policy-tutorial\">Texto sugerido: <\/strong>Cuando los visitantes dejan comentarios en el sitio, recopilamos los datos que se muestran en el formulario de comentarios, adem\u00e1s de la direcci\u00f3n IP y los datos del navegador del visitante, para ayudar a la detecci\u00f3n de spam.<\/p>\r\n\r\n\r\n\r\n<p>Una secuencia anonimizada de caracteres creada a partir de tu correo electr\u00f3nico (tambi\u00e9n llamada hash) se puede enviar a Gravatar para verificar si utilizas el servicio. La pol\u00edtica de privacidad de Gravatar est\u00e1 disponible aqu\u00ed: https:\/\/automattic.com\/privacy\/. Despu\u00e9s de la aprobaci\u00f3n de tu comentario, la foto de tu perfil ser\u00e1 visible p\u00fablicamente junto con tu comentario.<\/p>\r\n\r\n\r\n\r\n<h2 class=\"wp-block-heading\">Medios<\/h2>\r\n\r\n\r\n\r\n<p><strong class=\"privacy-policy-tutorial\">Texto sugerido: <\/strong>Si env\u00eda im\u00e1genes al sitio web, evite enviar aquellas que contengan datos de ubicaci\u00f3n incrustados (GPS EXIF). Los visitantes pueden descargar estas im\u00e1genes del sitio web y extraer sus datos de ubicaci\u00f3n de ellas.<\/p>\r\n\r\n\r\n\r\n<h2 class=\"wp-block-heading\">Galletas<\/h2>\r\n\r\n\r\n\r\n<p><strong class=\"privacy-policy-tutorial\">Texto sugerido: <\/strong>Al dejar un comentario en el sitio, usted podr\u00e1 optar por guardar su nombre, correo electr\u00f3nico y sitio web en las cookies. Esto es para su comodidad, as\u00ed usted no tendr\u00e1 que rellenar sus datos nuevamente cuando haga otro comentario. Estas cookies duran un a\u00f1o.<\/p>\r\n\r\n\r\n\r\n<p>Si tienes una cuenta y accedes a este sitio, se crear\u00e1 una cookie temporal para determinar si tu navegador acepta cookies. No contiene ning\u00fan dato personal y se descartar\u00e1 cuando cierres tu navegador.<\/p>\r\n\r\n\r\n\r\n<p>Cuando accedes a tu cuenta en el sitio, tambi\u00e9n creamos varias cookies para guardar los datos de tu cuenta y tus elecciones de visualizaci\u00f3n de pantalla. Las cookies de inicio de sesi\u00f3n se conservan durante dos d\u00edas y las cookies de opciones de pantalla durante un a\u00f1o. Si seleccionas \u201cRecordarme\u201d, tu acceso se mantendr\u00e1 durante dos semanas. Si cierras sesi\u00f3n en tu cuenta, las cookies de inicio de sesi\u00f3n se eliminar\u00e1n.<\/p>\r\n\r\n\r\n\r\n<p>Si editas o publicas un art\u00edculo, se guardar\u00e1 una cookie adicional en tu navegador. Esta cookie no contiene ning\u00fan dato personal y simplemente indica el ID de la publicaci\u00f3n del art\u00edculo que acabas de editar. Caduca despu\u00e9s de 1 d\u00eda.<\/p>\r\n\r\n\r\n\r\n<h2 class=\"wp-block-heading\">Medios incrustados de otros sitios web<\/h2>\r\n\r\n\r\n\r\n<p><strong class=\"privacy-policy-tutorial\">Texto sugerido: <\/strong>Art\u00edculos en este sitio pueden incluir contenido incrustado como, por ejemplo, v\u00eddeos, im\u00e1genes, art\u00edculos, etc. Contenidos incrustados de otros sitios se comportan exactamente de la misma forma como si el visitante estuviera visitando el otro sitio.<\/p>\r\n\r\n\r\n\r\n<p>Estos sitios pueden recopilar datos sobre ti, usar cookies, incrustar rastreo adicional de terceros y monitorear tu interacci\u00f3n con este contenido incrustado, incluyendo tu interacci\u00f3n con el contenido incrustado si tienes una cuenta y has iniciado sesi\u00f3n en el sitio web.<\/p>\r\n\r\n\r\n\r\n<h2 class=\"wp-block-heading\">Con quien compartimos sus datos<\/h2>\r\n\r\n\r\n\r\n<p><strong class=\"privacy-policy-tutorial\">Texto sugerido: <\/strong>Si solicita un restablecimiento de contrase\u00f1a, su direcci\u00f3n de IP se incluir\u00e1 en el correo electr\u00f3nico de restablecimiento de contrase\u00f1a.<\/p>\r\n\r\n\r\n\r\n<h2 class=\"wp-block-heading\">Por cu\u00e1nto tiempo mantenemos sus datos<\/h2>\r\n\r\n\r\n\r\n<p><strong class=\"privacy-policy-tutorial\">Texto sugerido: <\/strong>Si dejas un comentario, el comentario y sus metadatos se conservan indefinidamente. Hacemos esto para que sea posible reconocer y aprobar autom\u00e1ticamente cualquier comentario posterior en lugar de retenerlo para moderaci\u00f3n.<\/p>\r\n\r\n\r\n\r\n<p>Para usuarios que se registran en nuestro sitio web (si los hay), tambi\u00e9n guardamos la informaci\u00f3n personal que proporcionan en su perfil de usuario. Todos los usuarios pueden ver, editar o eliminar su informaci\u00f3n personal en cualquier momento (solo no es posible cambiar su nombre de usuario). Los administradores de sitios web tambi\u00e9n pueden ver y editar esta informaci\u00f3n.<\/p>\r\n\r\n\r\n\r\n<h2 class=\"wp-block-heading\">Cu\u00e1les son sus derechos sobre sus datos<\/h2>\r\n\r\n\r\n\r\n<p><strong class=\"privacy-policy-tutorial\">Texto sugerido: <\/strong>Si usted tiene una cuenta en este sitio web o si ha dejado comentarios, puede solicitar un archivo exportado de los datos personales que mantenemos sobre usted, incluidos todos los datos que nos haya proporcionado. Tambi\u00e9n puede solicitar que eliminemos cualquier dato personal que mantengamos sobre usted. Esto no incluye ning\u00fan dato que estemos obligados a mantener para fines administrativos, legales o de seguridad.<\/p>\r\n\r\n\r\n\r\n<h2 class=\"wp-block-heading\">A d\u00f3nde son enviados sus datos<\/h2>\r\n\r\n\r\n\r\n<p><strong class=\"privacy-policy-tutorial\">Texto sugerido: <\/strong>Los comentarios de los visitantes pueden ser marcados por un servicio autom\u00e1tico de detecci\u00f3n de spam.<\/p>\r\n\r\n<p>&nbsp;<\/p>","protected":false},"excerpt":{"rendered":"<p>Quem somos Texto sugerido: O endere\u00e7o do nosso site \u00e9: https:\/\/braile.com.br. Coment\u00e1rios Texto sugerido: Quando os visitantes deixam coment\u00e1rios no site, coletamos os dados mostrados no formul\u00e1rio de coment\u00e1rios, al\u00e9m do endere\u00e7o de IP e de dados do navegador do visitante, para auxiliar na detec\u00e7\u00e3o de spam. Uma sequ\u00eancia anonimizada de caracteres criada a partir [&hellip;]<\/p>\n","protected":false},"author":1,"featured_media":0,"parent":0,"menu_order":0,"comment_status":"closed","ping_status":"open","template":"page-politica-de-privacidade.php","meta":{"_acf_changed":false,"footnotes":""},"class_list":["post-3","page","type-page","status-publish","hentry"],"acf":[],"yoast_head":"<!-- This site is optimized with the Yoast SEO plugin v27.1.1 - https:\/\/yoast.com\/product\/yoast-seo-wordpress\/ -->\n<title>Pol\u00edtica de privacidade - Braile Biom\u00e9dica<\/title>\n<meta name=\"robots\" content=\"index, follow, max-snippet:-1, max-image-preview:large, max-video-preview:-1\" \/>\n<link rel=\"canonical\" href=\"https:\/\/previews.elleven.digital\/braile\/politica-de-privacidade\/\" \/>\n<meta property=\"og:locale\" content=\"es_ES\" \/>\n<meta property=\"og:type\" content=\"article\" \/>\n<meta property=\"og:title\" content=\"Pol\u00edtica de privacidade - Braile Biom\u00e9dica\" \/>\n<meta property=\"og:description\" content=\"Quem somos Texto sugerido: O endere\u00e7o do nosso site \u00e9: https:\/\/braile.com.br. Coment\u00e1rios Texto sugerido: Quando os visitantes deixam coment\u00e1rios no site, coletamos os dados mostrados no formul\u00e1rio de coment\u00e1rios, al\u00e9m do endere\u00e7o de IP e de dados do navegador do visitante, para auxiliar na detec\u00e7\u00e3o de spam. Uma sequ\u00eancia anonimizada de caracteres criada a partir [&hellip;]\" \/>\n<meta property=\"og:url\" content=\"https:\/\/previews.elleven.digital\/braile\/politica-de-privacidade\/\" \/>\n<meta property=\"og:site_name\" content=\"Braile Biom\u00e9dica\" \/>\n<meta property=\"article:modified_time\" content=\"2026-03-03T11:58:48+00:00\" \/>\n<meta property=\"og:image\" content=\"https:\/\/braile.com.br\/wp-content\/uploads\/2026\/02\/OG.avif\" \/>\n\t<meta property=\"og:image:width\" content=\"1200\" \/>\n\t<meta property=\"og:image:height\" content=\"675\" \/>\n\t<meta property=\"og:image:type\" content=\"image\/png\" \/>\n<meta name=\"twitter:card\" content=\"summary_large_image\" \/>\n<meta name=\"twitter:label1\" content=\"Tiempo de lectura\" \/>\n\t<meta name=\"twitter:data1\" content=\"4 minutos\" \/>\n<script type=\"application\/ld+json\" class=\"yoast-schema-graph\">{\"@context\":\"https:\/\/schema.org\",\"@graph\":[{\"@type\":\"WebPage\",\"@id\":\"https:\/\/previews.elleven.digital\/braile\/politica-de-privacidade\/\",\"url\":\"https:\/\/previews.elleven.digital\/braile\/politica-de-privacidade\/\",\"name\":\"Pol\u00edtica de privacidade - Braile Biom\u00e9dica\",\"isPartOf\":{\"@id\":\"https:\/\/previews.elleven.digital\/braile\/#website\"},\"datePublished\":\"2026-02-04T12:30:53+00:00\",\"dateModified\":\"2026-03-03T11:58:48+00:00\",\"breadcrumb\":{\"@id\":\"https:\/\/previews.elleven.digital\/braile\/politica-de-privacidade\/#breadcrumb\"},\"inLanguage\":\"es\",\"potentialAction\":[{\"@type\":\"ReadAction\",\"target\":[\"https:\/\/previews.elleven.digital\/braile\/politica-de-privacidade\/\"]}]},{\"@type\":\"BreadcrumbList\",\"@id\":\"https:\/\/previews.elleven.digital\/braile\/politica-de-privacidade\/#breadcrumb\",\"itemListElement\":[{\"@type\":\"ListItem\",\"position\":1,\"name\":\"In\u00edcio\",\"item\":\"https:\/\/braile.com.br\/\"},{\"@type\":\"ListItem\",\"position\":2,\"name\":\"Pol\u00edtica de privacidade\"}]},{\"@type\":\"WebSite\",\"@id\":\"https:\/\/previews.elleven.digital\/braile\/#website\",\"url\":\"https:\/\/previews.elleven.digital\/braile\/\",\"name\":\"Braile Biom\u00e9dica\",\"description\":\"Tecnologia m\u00e9dica de cora\u00e7\u00e3o\",\"publisher\":{\"@id\":\"https:\/\/previews.elleven.digital\/braile\/#organization\"},\"alternateName\":\"Braile\",\"potentialAction\":[{\"@type\":\"SearchAction\",\"target\":{\"@type\":\"EntryPoint\",\"urlTemplate\":\"https:\/\/previews.elleven.digital\/braile\/?s={search_term_string}\"},\"query-input\":{\"@type\":\"PropertyValueSpecification\",\"valueRequired\":true,\"valueName\":\"search_term_string\"}}],\"inLanguage\":\"es\"},{\"@type\":\"Organization\",\"@id\":\"https:\/\/previews.elleven.digital\/braile\/#organization\",\"name\":\"Braile Biom\u00e9dica\",\"alternateName\":\"Braile\",\"url\":\"https:\/\/previews.elleven.digital\/braile\/\",\"logo\":{\"@type\":\"ImageObject\",\"inLanguage\":\"es\",\"@id\":\"https:\/\/previews.elleven.digital\/braile\/#\/schema\/logo\/image\/\",\"url\":\"https:\/\/braile.com.br\/wp-content\/uploads\/2026\/02\/OG-1.avif\",\"contentUrl\":\"https:\/\/braile.com.br\/wp-content\/uploads\/2026\/02\/OG-1.avif\",\"width\":696,\"height\":696,\"caption\":\"Braile Biom\u00e9dica\"},\"image\":{\"@id\":\"https:\/\/previews.elleven.digital\/braile\/#\/schema\/logo\/image\/\"}}]}<\/script>\n<!-- \/ Yoast SEO plugin. -->","yoast_head_json":{"title":"Pol\u00edtica de Privacidad - Braile Biom\u00e9dica","robots":{"index":"index","follow":"follow","max-snippet":"max-snippet:-1","max-image-preview":"max-image-preview:large","max-video-preview":"max-video-preview:-1"},"canonical":"https:\/\/previews.elleven.digital\/braile\/politica-de-privacidade\/","og_locale":"es_ES","og_type":"article","og_title":"Pol\u00edtica de privacidade - Braile Biom\u00e9dica","og_description":"Quem somos Texto sugerido: O endere\u00e7o do nosso site \u00e9: https:\/\/braile.com.br. Coment\u00e1rios Texto sugerido: Quando os visitantes deixam coment\u00e1rios no site, coletamos os dados mostrados no formul\u00e1rio de coment\u00e1rios, al\u00e9m do endere\u00e7o de IP e de dados do navegador do visitante, para auxiliar na detec\u00e7\u00e3o de spam. Uma sequ\u00eancia anonimizada de caracteres criada a partir [&hellip;]","og_url":"https:\/\/previews.elleven.digital\/braile\/politica-de-privacidade\/","og_site_name":"Braile Biom\u00e9dica","article_modified_time":"2026-03-03T11:58:48+00:00","og_image":[{"width":1200,"height":675,"url":"https:\/\/braile.com.br\/wp-content\/uploads\/2026\/02\/OG.avif","type":"image\/png"}],"twitter_card":"summary_large_image","twitter_misc":{"Tiempo de lectura":"4 minutos"},"schema":{"@context":"https:\/\/schema.org","@graph":[{"@type":"WebPage","@id":"https:\/\/previews.elleven.digital\/braile\/politica-de-privacidade\/","url":"https:\/\/previews.elleven.digital\/braile\/politica-de-privacidade\/","name":"Pol\u00edtica de Privacidad - Braile Biom\u00e9dica","isPartOf":{"@id":"https:\/\/previews.elleven.digital\/braile\/#website"},"datePublished":"2026-02-04T12:30:53+00:00","dateModified":"2026-03-03T11:58:48+00:00","breadcrumb":{"@id":"https:\/\/previews.elleven.digital\/braile\/politica-de-privacidade\/#breadcrumb"},"inLanguage":"es","potentialAction":[{"@type":"ReadAction","target":["https:\/\/previews.elleven.digital\/braile\/politica-de-privacidade\/"]}]},{"@type":"BreadcrumbList","@id":"https:\/\/previews.elleven.digital\/braile\/politica-de-privacidade\/#breadcrumb","itemListElement":[{"@type":"ListItem","position":1,"name":"In\u00edcio","item":"https:\/\/braile.com.br\/"},{"@type":"ListItem","position":2,"name":"Pol\u00edtica de privacidade"}]},{"@type":"WebSite","@id":"https:\/\/previews.elleven.digital\/braile\/#website","url":"https:\/\/previews.elleven.digital\/braile\/","name":"Braile Biom\u00e9dica","description":"Tecnolog\u00eda m\u00e9dica cardiaca","publisher":{"@id":"https:\/\/previews.elleven.digital\/braile\/#organization"},"alternateName":"Braile","potentialAction":[{"@type":"SearchAction","target":{"@type":"EntryPoint","urlTemplate":"https:\/\/previews.elleven.digital\/braile\/?s={search_term_string}"},"query-input":{"@type":"PropertyValueSpecification","valueRequired":true,"valueName":"search_term_string"}}],"inLanguage":"es"},{"@type":"Organization","@id":"https:\/\/previews.elleven.digital\/braile\/#organization","name":"Braile Biom\u00e9dica","alternateName":"Braile","url":"https:\/\/previews.elleven.digital\/braile\/","logo":{"@type":"ImageObject","inLanguage":"es","@id":"https:\/\/previews.elleven.digital\/braile\/#\/schema\/logo\/image\/","url":"https:\/\/braile.com.br\/wp-content\/uploads\/2026\/02\/OG-1.avif","contentUrl":"https:\/\/braile.com.br\/wp-content\/uploads\/2026\/02\/OG-1.avif","width":696,"height":696,"caption":"Braile Biom\u00e9dica"},"image":{"@id":"https:\/\/previews.elleven.digital\/braile\/#\/schema\/logo\/image\/"}}]}},"_links":{"self":[{"href":"https:\/\/braile.com.br\/es\/wp-json\/wp\/v2\/pages\/3","targetHints":{"allow":["GET"]}}],"collection":[{"href":"https:\/\/braile.com.br\/es\/wp-json\/wp\/v2\/pages"}],"about":[{"href":"https:\/\/braile.com.br\/es\/wp-json\/wp\/v2\/types\/page"}],"author":[{"embeddable":true,"href":"https:\/\/braile.com.br\/es\/wp-json\/wp\/v2\/users\/1"}],"replies":[{"embeddable":true,"href":"https:\/\/braile.com.br\/es\/wp-json\/wp\/v2\/comments?post=3"}],"version-history":[{"count":4,"href":"https:\/\/braile.com.br\/es\/wp-json\/wp\/v2\/pages\/3\/revisions"}],"predecessor-version":[{"id":2032,"href":"https:\/\/braile.com.br\/es\/wp-json\/wp\/v2\/pages\/3\/revisions\/2032"}],"wp:attachment":[{"href":"https:\/\/braile.com.br\/es\/wp-json\/wp\/v2\/media?parent=3"}],"curies":[{"name":"wp","href":"https:\/\/api.w.org\/{rel}","templated":true}]}}