{"id":226,"date":"2026-02-10T11:45:41","date_gmt":"2026-02-10T14:45:41","guid":{"rendered":"https:\/\/braile.com.br\/?page_id=226"},"modified":"2026-03-09T15:37:42","modified_gmt":"2026-03-09T18:37:42","slug":"trabaja-con-nosotros","status":"publish","type":"page","link":"https:\/\/braile.com.br\/es\/trabalhe-conosco\/","title":{"rendered":"Carreras"},"content":{"rendered":"","protected":false},"excerpt":{"rendered":"<p>Consulte nuestro<br \/> vagas dispon\u00edveis<\/p>","protected":false},"author":1,"featured_media":310,"parent":0,"menu_order":0,"comment_status":"closed","ping_status":"closed","template":"page-trabalhe-conosco.php","meta":{"_acf_changed":false,"footnotes":""},"class_list":["post-226","page","type-page","status-publish","has-post-thumbnail","hentry"],"acf":[],"yoast_head":"<!-- This site is optimized with the Yoast SEO plugin v27.1.1 - https:\/\/yoast.com\/product\/yoast-seo-wordpress\/ -->\n<title>Trabalhe conosco - Braile Biom\u00e9dica<\/title>\n<meta name=\"robots\" content=\"index, follow, max-snippet:-1, max-image-preview:large, max-video-preview:-1\" \/>\n<link rel=\"canonical\" href=\"https:\/\/previews.elleven.digital\/braile\/trabalhe-conosco\/\" \/>\n<meta property=\"og:locale\" content=\"es_ES\" \/>\n<meta property=\"og:type\" content=\"article\" \/>\n<meta property=\"og:title\" content=\"Trabalhe conosco - Braile Biom\u00e9dica\" \/>\n<meta property=\"og:description\" content=\"Confira nossas vagas dispon\u00edveis\" \/>\n<meta property=\"og:url\" content=\"https:\/\/previews.elleven.digital\/braile\/trabalhe-conosco\/\" \/>\n<meta property=\"og:site_name\" content=\"Braile Biom\u00e9dica\" \/>\n<meta property=\"article:modified_time\" content=\"2026-03-09T18:37:42+00:00\" \/>\n<meta property=\"og:image\" content=\"https:\/\/braile.com.br\/wp-content\/uploads\/2026\/02\/OG.avif\" \/>\n\t<meta property=\"og:image:width\" content=\"1200\" \/>\n\t<meta property=\"og:image:height\" content=\"675\" \/>\n\t<meta property=\"og:image:type\" content=\"image\/png\" \/>\n<meta name=\"twitter:card\" content=\"summary_large_image\" \/>\n<script type=\"application\/ld+json\" class=\"yoast-schema-graph\">{\"@context\":\"https:\/\/schema.org\",\"@graph\":[{\"@type\":\"WebPage\",\"@id\":\"https:\/\/previews.elleven.digital\/braile\/trabalhe-conosco\/\",\"url\":\"https:\/\/previews.elleven.digital\/braile\/trabalhe-conosco\/\",\"name\":\"Trabalhe conosco - Braile Biom\u00e9dica\",\"isPartOf\":{\"@id\":\"https:\/\/previews.elleven.digital\/braile\/#website\"},\"primaryImageOfPage\":{\"@id\":\"https:\/\/previews.elleven.digital\/braile\/trabalhe-conosco\/#primaryimage\"},\"image\":{\"@id\":\"https:\/\/previews.elleven.digital\/braile\/trabalhe-conosco\/#primaryimage\"},\"thumbnailUrl\":\"https:\/\/braile.com.br\/wp-content\/uploads\/2026\/02\/Vector-3.svg\",\"datePublished\":\"2026-02-10T14:45:41+00:00\",\"dateModified\":\"2026-03-09T18:37:42+00:00\",\"breadcrumb\":{\"@id\":\"https:\/\/previews.elleven.digital\/braile\/trabalhe-conosco\/#breadcrumb\"},\"inLanguage\":\"es\",\"potentialAction\":[{\"@type\":\"ReadAction\",\"target\":[\"https:\/\/previews.elleven.digital\/braile\/trabalhe-conosco\/\"]}]},{\"@type\":\"ImageObject\",\"inLanguage\":\"es\",\"@id\":\"https:\/\/previews.elleven.digital\/braile\/trabalhe-conosco\/#primaryimage\",\"url\":\"https:\/\/braile.com.br\/wp-content\/uploads\/2026\/02\/Vector-3.svg\",\"contentUrl\":\"https:\/\/braile.com.br\/wp-content\/uploads\/2026\/02\/Vector-3.svg\"},{\"@type\":\"BreadcrumbList\",\"@id\":\"https:\/\/previews.elleven.digital\/braile\/trabalhe-conosco\/#breadcrumb\",\"itemListElement\":[{\"@type\":\"ListItem\",\"position\":1,\"name\":\"In\u00edcio\",\"item\":\"https:\/\/braile.com.br\/\"},{\"@type\":\"ListItem\",\"position\":2,\"name\":\"Trabalhe conosco\"}]},{\"@type\":\"WebSite\",\"@id\":\"https:\/\/previews.elleven.digital\/braile\/#website\",\"url\":\"https:\/\/previews.elleven.digital\/braile\/\",\"name\":\"Braile Biom\u00e9dica\",\"description\":\"Tecnologia m\u00e9dica de cora\u00e7\u00e3o\",\"publisher\":{\"@id\":\"https:\/\/previews.elleven.digital\/braile\/#organization\"},\"alternateName\":\"Braile\",\"potentialAction\":[{\"@type\":\"SearchAction\",\"target\":{\"@type\":\"EntryPoint\",\"urlTemplate\":\"https:\/\/previews.elleven.digital\/braile\/?s={search_term_string}\"},\"query-input\":{\"@type\":\"PropertyValueSpecification\",\"valueRequired\":true,\"valueName\":\"search_term_string\"}}],\"inLanguage\":\"es\"},{\"@type\":\"Organization\",\"@id\":\"https:\/\/previews.elleven.digital\/braile\/#organization\",\"name\":\"Braile Biom\u00e9dica\",\"alternateName\":\"Braile\",\"url\":\"https:\/\/previews.elleven.digital\/braile\/\",\"logo\":{\"@type\":\"ImageObject\",\"inLanguage\":\"es\",\"@id\":\"https:\/\/previews.elleven.digital\/braile\/#\/schema\/logo\/image\/\",\"url\":\"https:\/\/braile.com.br\/wp-content\/uploads\/2026\/02\/OG-1.avif\",\"contentUrl\":\"https:\/\/braile.com.br\/wp-content\/uploads\/2026\/02\/OG-1.avif\",\"width\":696,\"height\":696,\"caption\":\"Braile Biom\u00e9dica\"},\"image\":{\"@id\":\"https:\/\/previews.elleven.digital\/braile\/#\/schema\/logo\/image\/\"}}]}<\/script>\n<!-- \/ Yoast SEO plugin. -->","yoast_head_json":{"title":"Trabaja con nosotros - Braile Biom\u00e9dica","robots":{"index":"index","follow":"follow","max-snippet":"max-snippet:-1","max-image-preview":"max-image-preview:large","max-video-preview":"max-video-preview:-1"},"canonical":"https:\/\/previews.elleven.digital\/braile\/trabalhe-conosco\/","og_locale":"es_ES","og_type":"article","og_title":"Trabalhe conosco - Braile Biom\u00e9dica","og_description":"Confira nossas vagas dispon\u00edveis","og_url":"https:\/\/previews.elleven.digital\/braile\/trabalhe-conosco\/","og_site_name":"Braile Biom\u00e9dica","article_modified_time":"2026-03-09T18:37:42+00:00","og_image":[{"width":1200,"height":675,"url":"https:\/\/braile.com.br\/wp-content\/uploads\/2026\/02\/OG.avif","type":"image\/png"}],"twitter_card":"summary_large_image","schema":{"@context":"https:\/\/schema.org","@graph":[{"@type":"WebPage","@id":"https:\/\/previews.elleven.digital\/braile\/trabalhe-conosco\/","url":"https:\/\/previews.elleven.digital\/braile\/trabalhe-conosco\/","name":"Trabaja con nosotros - Braile Biom\u00e9dica","isPartOf":{"@id":"https:\/\/previews.elleven.digital\/braile\/#website"},"primaryImageOfPage":{"@id":"https:\/\/previews.elleven.digital\/braile\/trabalhe-conosco\/#primaryimage"},"image":{"@id":"https:\/\/previews.elleven.digital\/braile\/trabalhe-conosco\/#primaryimage"},"thumbnailUrl":"https:\/\/braile.com.br\/wp-content\/uploads\/2026\/02\/Vector-3.svg","datePublished":"2026-02-10T14:45:41+00:00","dateModified":"2026-03-09T18:37:42+00:00","breadcrumb":{"@id":"https:\/\/previews.elleven.digital\/braile\/trabalhe-conosco\/#breadcrumb"},"inLanguage":"es","potentialAction":[{"@type":"ReadAction","target":["https:\/\/previews.elleven.digital\/braile\/trabalhe-conosco\/"]}]},{"@type":"ImageObject","inLanguage":"es","@id":"https:\/\/previews.elleven.digital\/braile\/trabalhe-conosco\/#primaryimage","url":"https:\/\/braile.com.br\/wp-content\/uploads\/2026\/02\/Vector-3.svg","contentUrl":"https:\/\/braile.com.br\/wp-content\/uploads\/2026\/02\/Vector-3.svg"},{"@type":"BreadcrumbList","@id":"https:\/\/previews.elleven.digital\/braile\/trabalhe-conosco\/#breadcrumb","itemListElement":[{"@type":"ListItem","position":1,"name":"In\u00edcio","item":"https:\/\/braile.com.br\/"},{"@type":"ListItem","position":2,"name":"Trabalhe conosco"}]},{"@type":"WebSite","@id":"https:\/\/previews.elleven.digital\/braile\/#website","url":"https:\/\/previews.elleven.digital\/braile\/","name":"Braile Biom\u00e9dica","description":"Tecnolog\u00eda m\u00e9dica cardiaca","publisher":{"@id":"https:\/\/previews.elleven.digital\/braile\/#organization"},"alternateName":"Braile","potentialAction":[{"@type":"SearchAction","target":{"@type":"EntryPoint","urlTemplate":"https:\/\/previews.elleven.digital\/braile\/?s={search_term_string}"},"query-input":{"@type":"PropertyValueSpecification","valueRequired":true,"valueName":"search_term_string"}}],"inLanguage":"es"},{"@type":"Organization","@id":"https:\/\/previews.elleven.digital\/braile\/#organization","name":"Braile Biom\u00e9dica","alternateName":"Braile","url":"https:\/\/previews.elleven.digital\/braile\/","logo":{"@type":"ImageObject","inLanguage":"es","@id":"https:\/\/previews.elleven.digital\/braile\/#\/schema\/logo\/image\/","url":"https:\/\/braile.com.br\/wp-content\/uploads\/2026\/02\/OG-1.avif","contentUrl":"https:\/\/braile.com.br\/wp-content\/uploads\/2026\/02\/OG-1.avif","width":696,"height":696,"caption":"Braile Biom\u00e9dica"},"image":{"@id":"https:\/\/previews.elleven.digital\/braile\/#\/schema\/logo\/image\/"}}]}},"_links":{"self":[{"href":"https:\/\/braile.com.br\/es\/wp-json\/wp\/v2\/pages\/226","targetHints":{"allow":["GET"]}}],"collection":[{"href":"https:\/\/braile.com.br\/es\/wp-json\/wp\/v2\/pages"}],"about":[{"href":"https:\/\/braile.com.br\/es\/wp-json\/wp\/v2\/types\/page"}],"author":[{"embeddable":true,"href":"https:\/\/braile.com.br\/es\/wp-json\/wp\/v2\/users\/1"}],"replies":[{"embeddable":true,"href":"https:\/\/braile.com.br\/es\/wp-json\/wp\/v2\/comments?post=226"}],"version-history":[{"count":15,"href":"https:\/\/braile.com.br\/es\/wp-json\/wp\/v2\/pages\/226\/revisions"}],"predecessor-version":[{"id":2452,"href":"https:\/\/braile.com.br\/es\/wp-json\/wp\/v2\/pages\/226\/revisions\/2452"}],"wp:featuredmedia":[{"embeddable":true,"href":"https:\/\/braile.com.br\/es\/wp-json\/wp\/v2\/media\/310"}],"wp:attachment":[{"href":"https:\/\/braile.com.br\/es\/wp-json\/wp\/v2\/media?parent=226"}],"curies":[{"name":"wp","href":"https:\/\/api.w.org\/{rel}","templated":true}]}}