{"id":3,"date":"2026-02-04T09:30:53","date_gmt":"2026-02-04T12:30:53","guid":{"rendered":"https:\/\/braile.com.br\/?page_id=3"},"modified":"2026-03-03T08:58:48","modified_gmt":"2026-03-03T11:58:48","slug":"privacy-policy","status":"publish","type":"page","link":"https:\/\/braile.com.br\/en\/politica-de-privacidade\/","title":{"rendered":"Privacy policy"},"content":{"rendered":"<h2 class=\"wp-block-heading\">Who are we<\/h2>\r\n\r\n\r\n\r\n<p><strong class=\"privacy-policy-tutorial\">Suggested text: <\/strong>Our website address is: https:\/\/braile.com.br.<\/p>\r\n\r\n\r\n\r\n<h2 class=\"wp-block-heading\">Comments<\/h2>\r\n\r\n\r\n\r\n<p><strong class=\"privacy-policy-tutorial\">Suggested text: <\/strong>When visitors leave comments on the site, we collect the data shown in the comments form, as well as the visitor's IP address and browser user agent string, to help spam detection.<\/p>\r\n\r\n\r\n\r\n<p>An anonymized sequence of characters created from your email (also called a hash) may be sent to the Gravatar service to see if you use it. Gravatar's privacy policy is available here: https:\/\/automattic.com\/privacy\/. After your comment is approved, your profile picture will be visible in the public with your comment.<\/p>\r\n\r\n\r\n\r\n<h2 class=\"wp-block-heading\">Media<\/h2>\r\n\r\n\r\n\r\n<p><strong class=\"privacy-policy-tutorial\">Suggested text: <\/strong>If you upload images to the website, avoid uploading those with embedded location data (EXIF GPS). Visitors can download these images from the site and extract their location data.<\/p>\r\n\r\n\r\n\r\n<h2 class=\"wp-block-heading\">Cookies<\/h2>\r\n\r\n\r\n\r\n<p><strong class=\"privacy-policy-tutorial\">Suggested text: <\/strong>When you leave a comment on the site, you may opt-in to save your name, email, and website in cookies. This is for your convenience so that you do not have to fill in your details again when you leave another comment. These cookies will last for one year.<\/p>\r\n\r\n\r\n\r\n<p>If you have an account and log in to this site, a temporary cookie will be created to determine if your browser accepts cookies. It contains no personal data and will be discarded when you close your browser.<\/p>\r\n\r\n\r\n\r\n<p>When you log in to your account on the site, we also create several cookies to save your account information and your screen display choices. Login cookies are kept for two days, and screen options cookies are kept for a year. If you select \u201cRemember me,\u201d your login will be maintained for two weeks. If you log out of your account, the login cookies will be removed.<\/p>\r\n\r\n\r\n\r\n<p>If you edit or publish an article, an additional cookie will be saved in your browser. This cookie does not contain any personal data and simply indicates the post ID of the article you have just edited. It expires after 1 day.<\/p>\r\n\r\n\r\n\r\n<h2 class=\"wp-block-heading\">Embedded media from other websites<\/h2>\r\n\r\n\r\n\r\n<p><strong class=\"privacy-policy-tutorial\">Suggested text: <\/strong>Articles on this site may include embedded content, such as videos, images, articles, etc. Embedded content from other websites behaves exactly as if the visitor were visiting the other website.<\/p>\r\n\r\n\r\n\r\n<p>These sites may collect data about you, use cookies, embed additional third-party tracking, and monitor your interaction with this embedded content, including your interaction with the embedded content if you have an account and are logged in to the site.<\/p>\r\n\r\n\r\n\r\n<h2 class=\"wp-block-heading\">Who we share your data with<\/h2>\r\n\r\n\r\n\r\n<p><strong class=\"privacy-policy-tutorial\">Suggested text: <\/strong>If you request a password reset, your IP address will be included in the password reset email.<\/p>\r\n\r\n\r\n\r\n<h2 class=\"wp-block-heading\">How long do we keep your data<\/h2>\r\n\r\n\r\n\r\n<p><strong class=\"privacy-policy-tutorial\">Suggested text: <\/strong>If you leave a comment, the comment and its metadata are retained indefinitely. We do this so that we can automatically recognize and approve any follow-up comments instead of holding them for moderation.<\/p>\r\n\r\n\r\n\r\n<p>For users who register on our website (if any), we also store the personal information they provide in their user profile. All users can view, edit, or delete their personal information at any time (only their username cannot be changed). Website administrators can also view and edit this information.<\/p>\r\n\r\n\r\n\r\n<h2 class=\"wp-block-heading\">What are your rights regarding your data<\/h2>\r\n\r\n\r\n\r\n<p><strong class=\"privacy-policy-tutorial\">Suggested text: <\/strong>If you have an account on this website or have left comments, you can request an exported file of the personal data that we keep about you, including any data you have provided to us. You can also request that we remove any personal data that we keep about you. This does not include any data that we are required to keep for administrative, legal, or security purposes.<\/p>\r\n\r\n\r\n\r\n<h2 class=\"wp-block-heading\">Where does your data go<\/h2>\r\n\r\n\r\n\r\n<p><strong class=\"privacy-policy-tutorial\">Suggested text: <\/strong>Visitor comments can be flagged by an automatic spam detection service.<\/p>\r\n\r\n<p>&nbsp;<\/p>","protected":false},"excerpt":{"rendered":"<p>Quem somos Texto sugerido: O endere\u00e7o do nosso site \u00e9: https:\/\/braile.com.br. Coment\u00e1rios Texto sugerido: Quando os visitantes deixam coment\u00e1rios no site, coletamos os dados mostrados no formul\u00e1rio de coment\u00e1rios, al\u00e9m do endere\u00e7o de IP e de dados do navegador do visitante, para auxiliar na detec\u00e7\u00e3o de spam. Uma sequ\u00eancia anonimizada de caracteres criada a partir [&hellip;]<\/p>\n","protected":false},"author":1,"featured_media":0,"parent":0,"menu_order":0,"comment_status":"closed","ping_status":"open","template":"page-politica-de-privacidade.php","meta":{"_acf_changed":false,"footnotes":""},"class_list":["post-3","page","type-page","status-publish","hentry"],"acf":[],"yoast_head":"<!-- This site is optimized with the Yoast SEO plugin v27.1.1 - https:\/\/yoast.com\/product\/yoast-seo-wordpress\/ -->\n<title>Pol\u00edtica de privacidade - Braile Biom\u00e9dica<\/title>\n<meta name=\"robots\" content=\"index, follow, max-snippet:-1, max-image-preview:large, max-video-preview:-1\" \/>\n<link rel=\"canonical\" href=\"https:\/\/previews.elleven.digital\/braile\/politica-de-privacidade\/\" \/>\n<meta property=\"og:locale\" content=\"en_US\" \/>\n<meta property=\"og:type\" content=\"article\" \/>\n<meta property=\"og:title\" content=\"Pol\u00edtica de privacidade - Braile Biom\u00e9dica\" \/>\n<meta property=\"og:description\" content=\"Quem somos Texto sugerido: O endere\u00e7o do nosso site \u00e9: https:\/\/braile.com.br. Coment\u00e1rios Texto sugerido: Quando os visitantes deixam coment\u00e1rios no site, coletamos os dados mostrados no formul\u00e1rio de coment\u00e1rios, al\u00e9m do endere\u00e7o de IP e de dados do navegador do visitante, para auxiliar na detec\u00e7\u00e3o de spam. Uma sequ\u00eancia anonimizada de caracteres criada a partir [&hellip;]\" \/>\n<meta property=\"og:url\" content=\"https:\/\/previews.elleven.digital\/braile\/politica-de-privacidade\/\" \/>\n<meta property=\"og:site_name\" content=\"Braile Biom\u00e9dica\" \/>\n<meta property=\"article:modified_time\" content=\"2026-03-03T11:58:48+00:00\" \/>\n<meta property=\"og:image\" content=\"https:\/\/braile.com.br\/wp-content\/uploads\/2026\/02\/OG.avif\" \/>\n\t<meta property=\"og:image:width\" content=\"1200\" \/>\n\t<meta property=\"og:image:height\" content=\"675\" \/>\n\t<meta property=\"og:image:type\" content=\"image\/png\" \/>\n<meta name=\"twitter:card\" content=\"summary_large_image\" \/>\n<meta name=\"twitter:label1\" content=\"Est. reading time\" \/>\n\t<meta name=\"twitter:data1\" content=\"4 minutes\" \/>\n<script type=\"application\/ld+json\" class=\"yoast-schema-graph\">{\"@context\":\"https:\/\/schema.org\",\"@graph\":[{\"@type\":\"WebPage\",\"@id\":\"https:\/\/previews.elleven.digital\/braile\/politica-de-privacidade\/\",\"url\":\"https:\/\/previews.elleven.digital\/braile\/politica-de-privacidade\/\",\"name\":\"Pol\u00edtica de privacidade - Braile Biom\u00e9dica\",\"isPartOf\":{\"@id\":\"https:\/\/previews.elleven.digital\/braile\/#website\"},\"datePublished\":\"2026-02-04T12:30:53+00:00\",\"dateModified\":\"2026-03-03T11:58:48+00:00\",\"breadcrumb\":{\"@id\":\"https:\/\/previews.elleven.digital\/braile\/politica-de-privacidade\/#breadcrumb\"},\"inLanguage\":\"en-US\",\"potentialAction\":[{\"@type\":\"ReadAction\",\"target\":[\"https:\/\/previews.elleven.digital\/braile\/politica-de-privacidade\/\"]}]},{\"@type\":\"BreadcrumbList\",\"@id\":\"https:\/\/previews.elleven.digital\/braile\/politica-de-privacidade\/#breadcrumb\",\"itemListElement\":[{\"@type\":\"ListItem\",\"position\":1,\"name\":\"In\u00edcio\",\"item\":\"https:\/\/braile.com.br\/\"},{\"@type\":\"ListItem\",\"position\":2,\"name\":\"Pol\u00edtica de privacidade\"}]},{\"@type\":\"WebSite\",\"@id\":\"https:\/\/previews.elleven.digital\/braile\/#website\",\"url\":\"https:\/\/previews.elleven.digital\/braile\/\",\"name\":\"Braile Biom\u00e9dica\",\"description\":\"Tecnologia m\u00e9dica de cora\u00e7\u00e3o\",\"publisher\":{\"@id\":\"https:\/\/previews.elleven.digital\/braile\/#organization\"},\"alternateName\":\"Braile\",\"potentialAction\":[{\"@type\":\"SearchAction\",\"target\":{\"@type\":\"EntryPoint\",\"urlTemplate\":\"https:\/\/previews.elleven.digital\/braile\/?s={search_term_string}\"},\"query-input\":{\"@type\":\"PropertyValueSpecification\",\"valueRequired\":true,\"valueName\":\"search_term_string\"}}],\"inLanguage\":\"en-US\"},{\"@type\":\"Organization\",\"@id\":\"https:\/\/previews.elleven.digital\/braile\/#organization\",\"name\":\"Braile Biom\u00e9dica\",\"alternateName\":\"Braile\",\"url\":\"https:\/\/previews.elleven.digital\/braile\/\",\"logo\":{\"@type\":\"ImageObject\",\"inLanguage\":\"en-US\",\"@id\":\"https:\/\/previews.elleven.digital\/braile\/#\/schema\/logo\/image\/\",\"url\":\"https:\/\/braile.com.br\/wp-content\/uploads\/2026\/02\/OG-1.avif\",\"contentUrl\":\"https:\/\/braile.com.br\/wp-content\/uploads\/2026\/02\/OG-1.avif\",\"width\":696,\"height\":696,\"caption\":\"Braile Biom\u00e9dica\"},\"image\":{\"@id\":\"https:\/\/previews.elleven.digital\/braile\/#\/schema\/logo\/image\/\"}}]}<\/script>\n<!-- \/ Yoast SEO plugin. -->","yoast_head_json":{"title":"Privacy Policy - Braile Biom\u00e9dica","robots":{"index":"index","follow":"follow","max-snippet":"max-snippet:-1","max-image-preview":"max-image-preview:large","max-video-preview":"max-video-preview:-1"},"canonical":"https:\/\/previews.elleven.digital\/braile\/politica-de-privacidade\/","og_locale":"en_US","og_type":"article","og_title":"Pol\u00edtica de privacidade - Braile Biom\u00e9dica","og_description":"Quem somos Texto sugerido: O endere\u00e7o do nosso site \u00e9: https:\/\/braile.com.br. Coment\u00e1rios Texto sugerido: Quando os visitantes deixam coment\u00e1rios no site, coletamos os dados mostrados no formul\u00e1rio de coment\u00e1rios, al\u00e9m do endere\u00e7o de IP e de dados do navegador do visitante, para auxiliar na detec\u00e7\u00e3o de spam. Uma sequ\u00eancia anonimizada de caracteres criada a partir [&hellip;]","og_url":"https:\/\/previews.elleven.digital\/braile\/politica-de-privacidade\/","og_site_name":"Braile Biom\u00e9dica","article_modified_time":"2026-03-03T11:58:48+00:00","og_image":[{"width":1200,"height":675,"url":"https:\/\/braile.com.br\/wp-content\/uploads\/2026\/02\/OG.avif","type":"image\/png"}],"twitter_card":"summary_large_image","twitter_misc":{"Est. reading time":"4 minutes"},"schema":{"@context":"https:\/\/schema.org","@graph":[{"@type":"WebPage","@id":"https:\/\/previews.elleven.digital\/braile\/politica-de-privacidade\/","url":"https:\/\/previews.elleven.digital\/braile\/politica-de-privacidade\/","name":"Privacy Policy - Braile Biom\u00e9dica","isPartOf":{"@id":"https:\/\/previews.elleven.digital\/braile\/#website"},"datePublished":"2026-02-04T12:30:53+00:00","dateModified":"2026-03-03T11:58:48+00:00","breadcrumb":{"@id":"https:\/\/previews.elleven.digital\/braile\/politica-de-privacidade\/#breadcrumb"},"inLanguage":"en-US","potentialAction":[{"@type":"ReadAction","target":["https:\/\/previews.elleven.digital\/braile\/politica-de-privacidade\/"]}]},{"@type":"BreadcrumbList","@id":"https:\/\/previews.elleven.digital\/braile\/politica-de-privacidade\/#breadcrumb","itemListElement":[{"@type":"ListItem","position":1,"name":"In\u00edcio","item":"https:\/\/braile.com.br\/"},{"@type":"ListItem","position":2,"name":"Pol\u00edtica de privacidade"}]},{"@type":"WebSite","@id":"https:\/\/previews.elleven.digital\/braile\/#website","url":"https:\/\/previews.elleven.digital\/braile\/","name":"Braile Biom\u00e9dica","description":"Medical heart technology","publisher":{"@id":"https:\/\/previews.elleven.digital\/braile\/#organization"},"alternateName":"Braile","potentialAction":[{"@type":"SearchAction","target":{"@type":"EntryPoint","urlTemplate":"https:\/\/previews.elleven.digital\/braile\/?s={search_term_string}"},"query-input":{"@type":"PropertyValueSpecification","valueRequired":true,"valueName":"search_term_string"}}],"inLanguage":"en-US"},{"@type":"Organization","@id":"https:\/\/previews.elleven.digital\/braile\/#organization","name":"Braile Biom\u00e9dica","alternateName":"Braile","url":"https:\/\/previews.elleven.digital\/braile\/","logo":{"@type":"ImageObject","inLanguage":"en-US","@id":"https:\/\/previews.elleven.digital\/braile\/#\/schema\/logo\/image\/","url":"https:\/\/braile.com.br\/wp-content\/uploads\/2026\/02\/OG-1.avif","contentUrl":"https:\/\/braile.com.br\/wp-content\/uploads\/2026\/02\/OG-1.avif","width":696,"height":696,"caption":"Braile Biom\u00e9dica"},"image":{"@id":"https:\/\/previews.elleven.digital\/braile\/#\/schema\/logo\/image\/"}}]}},"_links":{"self":[{"href":"https:\/\/braile.com.br\/en\/wp-json\/wp\/v2\/pages\/3","targetHints":{"allow":["GET"]}}],"collection":[{"href":"https:\/\/braile.com.br\/en\/wp-json\/wp\/v2\/pages"}],"about":[{"href":"https:\/\/braile.com.br\/en\/wp-json\/wp\/v2\/types\/page"}],"author":[{"embeddable":true,"href":"https:\/\/braile.com.br\/en\/wp-json\/wp\/v2\/users\/1"}],"replies":[{"embeddable":true,"href":"https:\/\/braile.com.br\/en\/wp-json\/wp\/v2\/comments?post=3"}],"version-history":[{"count":4,"href":"https:\/\/braile.com.br\/en\/wp-json\/wp\/v2\/pages\/3\/revisions"}],"predecessor-version":[{"id":2032,"href":"https:\/\/braile.com.br\/en\/wp-json\/wp\/v2\/pages\/3\/revisions\/2032"}],"wp:attachment":[{"href":"https:\/\/braile.com.br\/en\/wp-json\/wp\/v2\/media?parent=3"}],"curies":[{"name":"wp","href":"https:\/\/api.w.org\/{rel}","templated":true}]}}