{"id":28,"date":"2026-02-06T17:02:22","date_gmt":"2026-02-06T20:02:22","guid":{"rendered":"https:\/\/braile.com.br\/?page_id=28"},"modified":"2026-04-15T08:25:40","modified_gmt":"2026-04-15T11:25:40","slug":"compliance","status":"publish","type":"page","link":"https:\/\/braile.com.br\/en\/compliance\/","title":{"rendered":"Compliance"},"content":{"rendered":"","protected":false},"excerpt":{"rendered":"","protected":false},"author":1,"featured_media":0,"parent":0,"menu_order":0,"comment_status":"closed","ping_status":"closed","template":"page-compliance.php","meta":{"_acf_changed":false,"footnotes":""},"class_list":["post-28","page","type-page","status-publish","hentry"],"acf":[],"yoast_head":"<!-- This site is optimized with the Yoast SEO plugin v27.1.1 - https:\/\/yoast.com\/product\/yoast-seo-wordpress\/ -->\n<title>Compliance - Braile Biom\u00e9dica<\/title>\n<meta name=\"robots\" content=\"index, follow, max-snippet:-1, max-image-preview:large, max-video-preview:-1\" \/>\n<link rel=\"canonical\" href=\"https:\/\/braile.com.br\/en\/compliance\/\" \/>\n<meta property=\"og:locale\" content=\"en_US\" \/>\n<meta property=\"og:type\" content=\"article\" \/>\n<meta property=\"og:title\" content=\"Compliance - Braile Biom\u00e9dica\" \/>\n<meta property=\"og:url\" content=\"https:\/\/braile.com.br\/en\/compliance\/\" \/>\n<meta property=\"og:site_name\" content=\"Braile Biom\u00e9dica\" \/>\n<meta property=\"article:modified_time\" content=\"2026-04-15T11:25:40+00:00\" \/>\n<meta property=\"og:image\" content=\"https:\/\/braile.com.br\/wp-content\/uploads\/2026\/02\/OG.avif\" \/>\n\t<meta property=\"og:image:width\" content=\"1200\" \/>\n\t<meta property=\"og:image:height\" content=\"675\" \/>\n\t<meta property=\"og:image:type\" content=\"image\/png\" \/>\n<meta name=\"twitter:card\" content=\"summary_large_image\" \/>\n<script type=\"application\/ld+json\" class=\"yoast-schema-graph\">{\"@context\":\"https:\/\/schema.org\",\"@graph\":[{\"@type\":\"WebPage\",\"@id\":\"https:\/\/braile.com.br\/compliance\/\",\"url\":\"https:\/\/braile.com.br\/compliance\/\",\"name\":\"Compliance - Braile Biom\u00e9dica\",\"isPartOf\":{\"@id\":\"https:\/\/previews.elleven.digital\/braile\/#website\"},\"datePublished\":\"2026-02-06T20:02:22+00:00\",\"dateModified\":\"2026-04-15T11:25:40+00:00\",\"breadcrumb\":{\"@id\":\"https:\/\/braile.com.br\/compliance\/#breadcrumb\"},\"inLanguage\":\"en-US\",\"potentialAction\":[{\"@type\":\"ReadAction\",\"target\":[\"https:\/\/braile.com.br\/compliance\/\"]}]},{\"@type\":\"BreadcrumbList\",\"@id\":\"https:\/\/braile.com.br\/compliance\/#breadcrumb\",\"itemListElement\":[{\"@type\":\"ListItem\",\"position\":1,\"name\":\"In\u00edcio\",\"item\":\"https:\/\/braile.com.br\/\"},{\"@type\":\"ListItem\",\"position\":2,\"name\":\"Compliance\"}]},{\"@type\":\"WebSite\",\"@id\":\"https:\/\/previews.elleven.digital\/braile\/#website\",\"url\":\"https:\/\/previews.elleven.digital\/braile\/\",\"name\":\"Braile Biom\u00e9dica\",\"description\":\"Tecnologia m\u00e9dica de cora\u00e7\u00e3o\",\"publisher\":{\"@id\":\"https:\/\/previews.elleven.digital\/braile\/#organization\"},\"alternateName\":\"Braile\",\"potentialAction\":[{\"@type\":\"SearchAction\",\"target\":{\"@type\":\"EntryPoint\",\"urlTemplate\":\"https:\/\/previews.elleven.digital\/braile\/?s={search_term_string}\"},\"query-input\":{\"@type\":\"PropertyValueSpecification\",\"valueRequired\":true,\"valueName\":\"search_term_string\"}}],\"inLanguage\":\"en-US\"},{\"@type\":\"Organization\",\"@id\":\"https:\/\/previews.elleven.digital\/braile\/#organization\",\"name\":\"Braile Biom\u00e9dica\",\"alternateName\":\"Braile\",\"url\":\"https:\/\/previews.elleven.digital\/braile\/\",\"logo\":{\"@type\":\"ImageObject\",\"inLanguage\":\"en-US\",\"@id\":\"https:\/\/previews.elleven.digital\/braile\/#\/schema\/logo\/image\/\",\"url\":\"https:\/\/braile.com.br\/wp-content\/uploads\/2026\/02\/OG-1.avif\",\"contentUrl\":\"https:\/\/braile.com.br\/wp-content\/uploads\/2026\/02\/OG-1.avif\",\"width\":696,\"height\":696,\"caption\":\"Braile Biom\u00e9dica\"},\"image\":{\"@id\":\"https:\/\/previews.elleven.digital\/braile\/#\/schema\/logo\/image\/\"}}]}<\/script>\n<!-- \/ Yoast SEO plugin. -->","yoast_head_json":{"title":"Compliance - Braile Biom\u00e9dica","robots":{"index":"index","follow":"follow","max-snippet":"max-snippet:-1","max-image-preview":"max-image-preview:large","max-video-preview":"max-video-preview:-1"},"canonical":"https:\/\/braile.com.br\/en\/compliance\/","og_locale":"en_US","og_type":"article","og_title":"Compliance - Braile Biom\u00e9dica","og_url":"https:\/\/braile.com.br\/en\/compliance\/","og_site_name":"Braile Biom\u00e9dica","article_modified_time":"2026-04-15T11:25:40+00:00","og_image":[{"width":1200,"height":675,"url":"https:\/\/braile.com.br\/wp-content\/uploads\/2026\/02\/OG.avif","type":"image\/png"}],"twitter_card":"summary_large_image","schema":{"@context":"https:\/\/schema.org","@graph":[{"@type":"WebPage","@id":"https:\/\/braile.com.br\/compliance\/","url":"https:\/\/braile.com.br\/compliance\/","name":"Compliance - Braile Biom\u00e9dica","isPartOf":{"@id":"https:\/\/previews.elleven.digital\/braile\/#website"},"datePublished":"2026-02-06T20:02:22+00:00","dateModified":"2026-04-15T11:25:40+00:00","breadcrumb":{"@id":"https:\/\/braile.com.br\/compliance\/#breadcrumb"},"inLanguage":"en-US","potentialAction":[{"@type":"ReadAction","target":["https:\/\/braile.com.br\/compliance\/"]}]},{"@type":"BreadcrumbList","@id":"https:\/\/braile.com.br\/compliance\/#breadcrumb","itemListElement":[{"@type":"ListItem","position":1,"name":"In\u00edcio","item":"https:\/\/braile.com.br\/"},{"@type":"ListItem","position":2,"name":"Compliance"}]},{"@type":"WebSite","@id":"https:\/\/previews.elleven.digital\/braile\/#website","url":"https:\/\/previews.elleven.digital\/braile\/","name":"Braile Biom\u00e9dica","description":"Medical heart technology","publisher":{"@id":"https:\/\/previews.elleven.digital\/braile\/#organization"},"alternateName":"Braile","potentialAction":[{"@type":"SearchAction","target":{"@type":"EntryPoint","urlTemplate":"https:\/\/previews.elleven.digital\/braile\/?s={search_term_string}"},"query-input":{"@type":"PropertyValueSpecification","valueRequired":true,"valueName":"search_term_string"}}],"inLanguage":"en-US"},{"@type":"Organization","@id":"https:\/\/previews.elleven.digital\/braile\/#organization","name":"Braile Biom\u00e9dica","alternateName":"Braile","url":"https:\/\/previews.elleven.digital\/braile\/","logo":{"@type":"ImageObject","inLanguage":"en-US","@id":"https:\/\/previews.elleven.digital\/braile\/#\/schema\/logo\/image\/","url":"https:\/\/braile.com.br\/wp-content\/uploads\/2026\/02\/OG-1.avif","contentUrl":"https:\/\/braile.com.br\/wp-content\/uploads\/2026\/02\/OG-1.avif","width":696,"height":696,"caption":"Braile Biom\u00e9dica"},"image":{"@id":"https:\/\/previews.elleven.digital\/braile\/#\/schema\/logo\/image\/"}}]}},"_links":{"self":[{"href":"https:\/\/braile.com.br\/en\/wp-json\/wp\/v2\/pages\/28","targetHints":{"allow":["GET"]}}],"collection":[{"href":"https:\/\/braile.com.br\/en\/wp-json\/wp\/v2\/pages"}],"about":[{"href":"https:\/\/braile.com.br\/en\/wp-json\/wp\/v2\/types\/page"}],"author":[{"embeddable":true,"href":"https:\/\/braile.com.br\/en\/wp-json\/wp\/v2\/users\/1"}],"replies":[{"embeddable":true,"href":"https:\/\/braile.com.br\/en\/wp-json\/wp\/v2\/comments?post=28"}],"version-history":[{"count":7,"href":"https:\/\/braile.com.br\/en\/wp-json\/wp\/v2\/pages\/28\/revisions"}],"predecessor-version":[{"id":2531,"href":"https:\/\/braile.com.br\/en\/wp-json\/wp\/v2\/pages\/28\/revisions\/2531"}],"wp:attachment":[{"href":"https:\/\/braile.com.br\/en\/wp-json\/wp\/v2\/media?parent=28"}],"curies":[{"name":"wp","href":"https:\/\/api.w.org\/{rel}","templated":true}]}}